{"id":5131,"date":"2018-11-17T09:48:56","date_gmt":"2018-11-17T08:48:56","guid":{"rendered":"https:\/\/volet-roulant16.paris\/?page_id=5131"},"modified":"2025-11-07T09:54:22","modified_gmt":"2025-11-07T09:54:22","slug":"accueil-2","status":"publish","type":"page","link":"https:\/\/plombier-boulogne.fr\/","title":{"rendered":"Accueil"},"content":{"rendered":"<div id='layer_slider_1'  class='avia-layerslider main_color avia-shadow  avia-builder-el-0  el_before_av_layout_row  avia-builder-el-first  container_wrap fullsize'  style='height: 481px;'  ><\/div>\n<div id='av-layout-grid-1'  class='av-layout-grid-container av-kwgj0aqu-92083d2b2a6f12249848a9d8152b8a04 entry-content-wrapper main_color av-flex-cells  avia-builder-el-1  el_after_av_layerslider  el_before_av_section  av-cell-min-height av-cell-min-height-10 grid-row-not-first  container_wrap fullsize'   data-av_minimum_height_pc='10'>\n\n<style type=\"text\/css\" data-created_by=\"avia_inline_auto\" id=\"style-css-av-kwgiyc3q-edb3d13891734f8ceeb6d81be39f3029\">\n.flex_cell.av-kwgiyc3q-edb3d13891734f8ceeb6d81be39f3029{\nvertical-align:top;\nbackground-color:#006faf;\nbackground:linear-gradient( to right, #006faf, #5db6ea );\n}\n.responsive #top #wrap_all .flex_cell.av-kwgiyc3q-edb3d13891734f8ceeb6d81be39f3029{\npadding:30px 30px 30px 30px !important;\n}\n<\/style>\n<div class='flex_cell av-kwgiyc3q-edb3d13891734f8ceeb6d81be39f3029 av-gridrow-cell av_one_full no_margin  avia-builder-el-2  avia-builder-el-no-sibling  content-align-top'  ><div class='flex_cell_inner'><p><div class='flex_column_table av-5un22j-c97b8314f2b9ba9ad3e8cbf347def557 sc-av_one_third av-equal-height-column-flextable'>\n<style type=\"text\/css\" data-created_by=\"avia_inline_auto\" id=\"style-css-av-5un22j-c97b8314f2b9ba9ad3e8cbf347def557\">\n.flex_column.av-5un22j-c97b8314f2b9ba9ad3e8cbf347def557{\nborder-width:5px;\nborder-color:#ffffff;\nborder-style:solid;\nborder-radius:20px 20px 20px 20px;\npadding:60px 60px 60px 60px;\n}\n<\/style>\n<div  class='flex_column av-5un22j-c97b8314f2b9ba9ad3e8cbf347def557 av_one_third  avia-builder-el-3  el_before_av_one_third  avia-builder-el-first  first flex_column_table_cell av-equal-height-column av-align-middle av-hide-on-mobile  '     ><p>\n<style type=\"text\/css\" data-created_by=\"avia_inline_auto\" id=\"style-css-av-kwgkih78-12044cf5bebb5ae543baa372f3affb8f\">\n.avia-image-container.av-kwgkih78-12044cf5bebb5ae543baa372f3affb8f img.avia_image{\nbox-shadow:none;\n}\n.avia-image-container.av-kwgkih78-12044cf5bebb5ae543baa372f3affb8f .av-image-caption-overlay-center{\ncolor:#ffffff;\n}\n<\/style>\n<div  class='avia-image-container av-kwgkih78-12044cf5bebb5ae543baa372f3affb8f av-styling- avia-align-center  avia-builder-el-4  el_before_av_textblock  avia-builder-el-first '   itemprop=\"image\" itemscope=\"itemscope\" itemtype=\"https:\/\/schema.org\/ImageObject\" ><div class=\"avia-image-container-inner\"><div class=\"avia-image-overlay-wrap\"><img decoding=\"async\" fetchpriority=\"high\" class='wp-image-6039 avia-img-lazy-loading-not-6039 avia_image ' src=\"https:\/\/plombier-boulogne.fr\/wp-content\/uploads\/2025\/10\/intervention-plomberie.png\" alt='' title='intervention-plomberie'  height=\"102\" width=\"102\"  itemprop=\"thumbnailUrl\" srcset=\"https:\/\/plombier-boulogne.fr\/wp-content\/uploads\/2025\/10\/intervention-plomberie.png 102w, https:\/\/plombier-boulogne.fr\/wp-content\/uploads\/2025\/10\/intervention-plomberie-80x80.png 80w, https:\/\/plombier-boulogne.fr\/wp-content\/uploads\/2025\/10\/intervention-plomberie-36x36.png 36w\" sizes=\"(max-width: 102px) 100vw, 102px\" \/><\/div><\/div><\/div><br \/>\n\n<style type=\"text\/css\" data-created_by=\"avia_inline_auto\" id=\"style-css-av-kwgkkigp-aa2bbd8646fa03b26b8086d13af8a207\">\n#top .av_textblock_section.av-kwgkkigp-aa2bbd8646fa03b26b8086d13af8a207 .avia_textblock{\ncolor:#ffffff;\n}\n<\/style>\n<section  class='av_textblock_section av-kwgkkigp-aa2bbd8646fa03b26b8086d13af8a207 '   itemscope=\"itemscope\" itemtype=\"https:\/\/schema.org\/CreativeWork\" ><div class='avia_textblock av_inherit_color'  itemprop=\"text\" ><p style=\"text-align: center;\"><strong>Intervention 24h \/\u00a07J<\/strong><\/p>\n<p style=\"text-align: center;\">D\u00e9pannage plomberie et chauffage sur Paris et sa banlieue<\/p>\n<\/div><\/section><\/p><\/div><div class='av-flex-placeholder'><\/div>\n<style type=\"text\/css\" data-created_by=\"avia_inline_auto\" id=\"style-css-av-5un22j-2-4ea57cff6c39dc0d36c955846a250154\">\n.flex_column.av-5un22j-2-4ea57cff6c39dc0d36c955846a250154{\nborder-width:5px;\nborder-color:#ffffff;\nborder-style:solid;\nborder-radius:20px 20px 20px 20px;\npadding:10px 10px 10px 10px;\n}\n<\/style>\n<div  class='flex_column av-5un22j-2-4ea57cff6c39dc0d36c955846a250154 av_one_third  avia-builder-el-6  el_after_av_one_third  el_before_av_one_third  flex_column_table_cell av-equal-height-column av-align-middle av-hide-on-mobile  '     ><p>\n<style type=\"text\/css\" data-created_by=\"avia_inline_auto\" id=\"style-css-av-kwgkiqjn-c8d71f7dd8e28f64919b94941d5c8d2a\">\n.avia-image-container.av-kwgkiqjn-c8d71f7dd8e28f64919b94941d5c8d2a img.avia_image{\nbox-shadow:none;\n}\n.avia-image-container.av-kwgkiqjn-c8d71f7dd8e28f64919b94941d5c8d2a .av-image-caption-overlay-center{\ncolor:#ffffff;\n}\n<\/style>\n<div  class='avia-image-container av-kwgkiqjn-c8d71f7dd8e28f64919b94941d5c8d2a av-styling- avia-align-center  avia-builder-el-7  el_before_av_textblock  avia-builder-el-first '   itemprop=\"image\" itemscope=\"itemscope\" itemtype=\"https:\/\/schema.org\/ImageObject\" ><div class=\"avia-image-container-inner\"><div class=\"avia-image-overlay-wrap\"><img decoding=\"async\" fetchpriority=\"high\" class='wp-image-5672 avia-img-lazy-loading-not-5672 avia_image ' src=\"https:\/\/plombier-boulogne.fr\/wp-content\/uploads\/2021\/11\/installation-de-plomberie-et-chauffage.png\" alt='' title='installation-de-plomberie-et-chauffage'  height=\"102\" width=\"102\"  itemprop=\"thumbnailUrl\" srcset=\"https:\/\/plombier-boulogne.fr\/wp-content\/uploads\/2021\/11\/installation-de-plomberie-et-chauffage.png 102w, https:\/\/plombier-boulogne.fr\/wp-content\/uploads\/2021\/11\/installation-de-plomberie-et-chauffage-80x80.png 80w, https:\/\/plombier-boulogne.fr\/wp-content\/uploads\/2021\/11\/installation-de-plomberie-et-chauffage-36x36.png 36w\" sizes=\"(max-width: 102px) 100vw, 102px\" \/><\/div><\/div><\/div><br \/>\n\n<style type=\"text\/css\" data-created_by=\"avia_inline_auto\" id=\"style-css-av-kwgkkwu0-849c59c476ad92d156aac3a60b10f233\">\n#top .av_textblock_section.av-kwgkkwu0-849c59c476ad92d156aac3a60b10f233 .avia_textblock{\ncolor:#ffffff;\n}\n<\/style>\n<section  class='av_textblock_section av-kwgkkwu0-849c59c476ad92d156aac3a60b10f233 '   itemscope=\"itemscope\" itemtype=\"https:\/\/schema.org\/CreativeWork\" ><div class='avia_textblock av_inherit_color'  itemprop=\"text\" ><p style=\"text-align: center;\"><strong>Installation<\/strong><\/p>\n<p style=\"text-align: center;\">Installation\u00a0de vos \u00e9quipements de plomberie et chauffage.<\/p>\n<\/div><\/section><\/p><\/div><div class='av-flex-placeholder'><\/div>\n<style type=\"text\/css\" data-created_by=\"avia_inline_auto\" id=\"style-css-av-5un22j-1-f6d0a0b5fa9c5f58f41368dfb73d38a1\">\n.flex_column.av-5un22j-1-f6d0a0b5fa9c5f58f41368dfb73d38a1{\nborder-width:5px;\nborder-color:#ffffff;\nborder-style:solid;\nborder-radius:20px 20px 20px 20px;\npadding:10px 10px 10px 10px;\n}\n<\/style>\n<div  class='flex_column av-5un22j-1-f6d0a0b5fa9c5f58f41368dfb73d38a1 av_one_third  avia-builder-el-9  el_after_av_one_third  avia-builder-el-last  flex_column_table_cell av-equal-height-column av-align-middle av-hide-on-mobile  '     ><p>\n<style type=\"text\/css\" data-created_by=\"avia_inline_auto\" id=\"style-css-av-kwgkixpj-e1c49874280789e72d9a2c1516419b97\">\n.avia-image-container.av-kwgkixpj-e1c49874280789e72d9a2c1516419b97 img.avia_image{\nbox-shadow:none;\n}\n.avia-image-container.av-kwgkixpj-e1c49874280789e72d9a2c1516419b97 .av-image-caption-overlay-center{\ncolor:#ffffff;\n}\n<\/style>\n<div  class='avia-image-container av-kwgkixpj-e1c49874280789e72d9a2c1516419b97 av-styling- avia-align-center  avia-builder-el-10  el_before_av_textblock  avia-builder-el-first '   itemprop=\"image\" itemscope=\"itemscope\" itemtype=\"https:\/\/schema.org\/ImageObject\" ><div class=\"avia-image-container-inner\"><div class=\"avia-image-overlay-wrap\"><img decoding=\"async\" fetchpriority=\"high\" class='wp-image-5671 avia-img-lazy-loading-not-5671 avia_image ' src=\"https:\/\/plombier-boulogne.fr\/wp-content\/uploads\/2021\/11\/depannage-plombier.png\" alt='' title='d\u00e9pannage-plombier'  height=\"102\" width=\"102\"  itemprop=\"thumbnailUrl\" srcset=\"https:\/\/plombier-boulogne.fr\/wp-content\/uploads\/2021\/11\/depannage-plombier.png 102w, https:\/\/plombier-boulogne.fr\/wp-content\/uploads\/2021\/11\/depannage-plombier-80x80.png 80w, https:\/\/plombier-boulogne.fr\/wp-content\/uploads\/2021\/11\/depannage-plombier-36x36.png 36w\" sizes=\"(max-width: 102px) 100vw, 102px\" \/><\/div><\/div><\/div><br \/>\n\n<style type=\"text\/css\" data-created_by=\"avia_inline_auto\" id=\"style-css-av-kwgklavu-f45beede377160abc40fb5d301ff5f5e\">\n#top .av_textblock_section.av-kwgklavu-f45beede377160abc40fb5d301ff5f5e .avia_textblock{\ncolor:#ffffff;\n}\n<\/style>\n<section  class='av_textblock_section av-kwgklavu-f45beede377160abc40fb5d301ff5f5e '   itemscope=\"itemscope\" itemtype=\"https:\/\/schema.org\/CreativeWork\" ><div class='avia_textblock av_inherit_color'  itemprop=\"text\" ><p style=\"text-align: center;\"><strong>D\u00e9pannage<\/strong><\/p>\n<p style=\"text-align: center;\">D\u00e9pannage et r\u00e9paration de plomberie<\/p>\n<\/div><\/section><\/p><\/div><\/div><!--close column table wrapper. Autoclose: 1 --><\/p>\n<\/div><\/div>\n<\/div>\n<div id='av_section_1'  class='avia-section av-abmvrf-4eb521d22fdbc29de51bd4c8765040cd main_color avia-section-default avia-no-border-styling  avia-builder-el-12  el_after_av_layout_row  avia-builder-el-last  avia-bg-style-scroll container_wrap fullsize'  ><div class='container av-section-cont-open' ><div class='template-page content  av-content-full alpha units'><div class='post-entry post-entry-type-page post-entry-5131'><div class='entry-content-wrapper clearfix'>\n<section  class='av_textblock_section av-1yoowb-f6c05181fc4809e11f3ee0deb9802625 '   itemscope=\"itemscope\" itemtype=\"https:\/\/schema.org\/CreativeWork\" ><div class='avia_textblock'  itemprop=\"text\" ><h3 style=\"text-align: justify;\" data-start=\"438\" data-end=\"514\">Plombier \u00e0 Boulogne : votre partenaire pour tous travaux de plomberie<\/h3>\n<p style=\"text-align: justify;\" data-start=\"516\" data-end=\"961\">Si vous \u00eates \u00e0 la recherche d\u2019un plombier \u00e0 Boulogne, fiable, r\u00e9actif et exp\u00e9riment\u00e9, vous \u00eates au bon endroit.<br data-start=\"627\" data-end=\"630\" \/>Un probl\u00e8me de fuite d\u2019eau, une canalisation bouch\u00e9e, un ballon d\u2019eau chaude en panne ou encore un projet de r\u00e9novation de salle de bain n\u00e9cessitent l\u2019intervention d\u2019un professionnel qualifi\u00e9.<br data-start=\"822\" data-end=\"825\" \/>Dans une ville dynamique comme Boulogne, les besoins en plomberie sont nombreux, tant pour les particuliers que pour les professionnels.<\/p>\n<p style=\"text-align: justify;\" data-start=\"963\" data-end=\"1283\">L\u2019eau, \u00e9l\u00e9ment indispensable \u00e0 la vie quotidienne, doit circuler dans un r\u00e9seau parfaitement entretenu et conforme aux normes en vigueur.<br data-start=\"1100\" data-end=\"1103\" \/>C\u2019est pourquoi faire appel \u00e0 un plombier comp\u00e9tent est essentiel, que ce soit pour une installation neuve, une r\u00e9paration urgente ou un simple entretien de votre syst\u00e8me sanitaire.<\/p>\n<h3 style=\"text-align: justify;\" data-start=\"2397\" data-end=\"2450\">Allier performance \u00e9nerg\u00e9tique et esth\u00e9tisme<\/h3>\n<p style=\"text-align: justify;\" data-start=\"2451\" data-end=\"2998\">L\u2019un des grands avantages de l\u2019isolation par l\u2019ext\u00e9rieur est qu\u2019elle permet de repenser totalement l\u2019apparence de votre fa\u00e7ade. En plus d\u2019am\u00e9liorer le confort thermique, vous pouvez moderniser votre maison avec un large choix de finitions : enduits color\u00e9s, bardages bois, composites ou m\u00e9talliques. Cette transformation valorise votre patrimoine tout en renfor\u00e7ant la protection du b\u00e2ti contre les intemp\u00e9ries. Pour visualiser les possibilit\u00e9s et b\u00e9n\u00e9ficier d\u2019un accompagnement de A \u00e0 Z, faites un tour sur <a href=\"https:\/\/bmaction.com\/isolation-thermique-exterieure\/aides-subventions\/\"><b>BM Action<\/b><\/a><\/p>\n<hr data-start=\"1285\" data-end=\"1288\" \/>\n<h3 style=\"text-align: justify;\" data-start=\"1290\" data-end=\"1347\">Les domaines d\u2019intervention du plombier \u00e0 Boulogne<\/h3>\n<p style=\"text-align: justify;\" data-start=\"1349\" data-end=\"1667\">Le plombier est un artisan aux comp\u00e9tences multiples. Son r\u00f4le ne se limite pas \u00e0 r\u00e9parer une fuite ou \u00e0 d\u00e9boucher un \u00e9vier.<br data-start=\"1473\" data-end=\"1476\" \/>Il intervient sur l\u2019ensemble du r\u00e9seau d\u2019alimentation et d\u2019\u00e9vacuation de l\u2019eau, mais aussi sur les syst\u00e8mes de chauffage, la robinetterie, les appareils sanitaires et parfois m\u00eame sur le gaz.<\/p>\n<p style=\"text-align: justify;\" data-start=\"1669\" data-end=\"1987\">\u00c0 Boulogne, les habitations sont vari\u00e9es : immeubles anciens, constructions r\u00e9centes, logements r\u00e9nov\u00e9s ou maisons individuelles.<br data-start=\"1798\" data-end=\"1801\" \/>Chacun de ces types d\u2019habitat poss\u00e8de ses particularit\u00e9s, et le plombier doit savoir s\u2019adapter \u00e0 chaque configuration.<br data-start=\"1919\" data-end=\"1922\" \/>Voici quelques-unes des principales missions qu\u2019il peut assurer :<\/p>\n<ul style=\"text-align: justify;\" data-start=\"1989\" data-end=\"2526\">\n<li data-start=\"1989\" data-end=\"2077\">\n<p data-start=\"1991\" data-end=\"2077\"><strong data-start=\"1991\" data-end=\"2029\">Installation compl\u00e8te de plomberie<\/strong> lors d\u2019une construction ou d\u2019une r\u00e9novation ;<\/p>\n<\/li>\n<li data-start=\"2078\" data-end=\"2160\">\n<p data-start=\"2080\" data-end=\"2160\"><strong data-start=\"2080\" data-end=\"2104\">Pose et remplacement<\/strong> de robinets, \u00e9viers, lavabos, douches ou baignoires ;<\/p>\n<\/li>\n<li data-start=\"2161\" data-end=\"2260\">\n<p data-start=\"2163\" data-end=\"2260\"><strong data-start=\"2163\" data-end=\"2190\">D\u00e9pannage et r\u00e9paration<\/strong> de fuites d\u2019eau sur les canalisations ou les appareils sanitaires ;<\/p>\n<\/li>\n<li data-start=\"2261\" data-end=\"2344\">\n<p data-start=\"2263\" data-end=\"2344\"><strong data-start=\"2263\" data-end=\"2292\">Entretien et remplacement<\/strong> de chauffe-eau, cumulus et ballons d\u2019eau chaude ;<\/p>\n<\/li>\n<li data-start=\"2345\" data-end=\"2404\">\n<p data-start=\"2347\" data-end=\"2404\"><strong data-start=\"2347\" data-end=\"2378\">D\u00e9bouchage de canalisations<\/strong> bouch\u00e9es ou engorg\u00e9es ;<\/p>\n<\/li>\n<li data-start=\"2405\" data-end=\"2464\">\n<p data-start=\"2407\" data-end=\"2464\"><strong data-start=\"2407\" data-end=\"2444\">Mise aux normes des installations<\/strong> d\u2019eau et de gaz ;<\/p>\n<\/li>\n<li data-start=\"2465\" data-end=\"2526\">\n<p data-start=\"2467\" data-end=\"2526\"><strong data-start=\"2467\" data-end=\"2499\">R\u00e9novation de salles de bain<\/strong>, cuisines et pi\u00e8ces d\u2019eau.<\/p>\n<\/li>\n<\/ul>\n<p style=\"text-align: justify;\" data-start=\"2528\" data-end=\"2659\">Le plombier de Boulogne est ainsi un professionnel polyvalent, capable d\u2019intervenir aussi bien en urgence qu\u2019en travaux programm\u00e9s.<\/p>\n<hr data-start=\"2661\" data-end=\"2664\" \/>\n<h3 style=\"text-align: justify;\" data-start=\"2666\" data-end=\"2723\">Installation et r\u00e9novation de plomberie \u00e0 Boulogne<\/h3>\n<p style=\"text-align: justify;\" data-start=\"2725\" data-end=\"3070\">Une installation de plomberie doit \u00eatre pens\u00e9e dans les moindres d\u00e9tails : le choix des mat\u00e9riaux, la pression de l\u2019eau, la disposition des appareils, le respect des normes de s\u00e9curit\u00e9 et d\u2019hygi\u00e8ne.<br data-start=\"2923\" data-end=\"2926\" \/>Un professionnel saura concevoir un r\u00e9seau parfaitement adapt\u00e9 \u00e0 vos besoins, garantissant un fonctionnement optimal et une longue dur\u00e9e de vie.<\/p>\n<p style=\"text-align: justify;\" data-start=\"3072\" data-end=\"3589\">Dans le cadre d\u2019une r\u00e9novation, l\u2019artisan plombier \u00e0 Boulogne peut moderniser vos installations, remplacer les tuyauteries v\u00e9tustes, ou encore am\u00e9liorer votre confort en installant des \u00e9quipements plus performants.<br data-start=\"3286\" data-end=\"3289\" \/>C\u2019est aussi l\u2019occasion de repenser votre salle de bain : nouvelle douche \u00e0 l\u2019italienne, robinetterie design, colonne de douche thermostatique ou double vasque.<br data-start=\"3448\" data-end=\"3451\" \/>Le plombier vous accompagne dans le choix des \u00e9quipements, en veillant \u00e0 la compatibilit\u00e9 technique et \u00e0 l\u2019esth\u00e9tique globale de la pi\u00e8ce.<\/p>\n<hr data-start=\"3591\" data-end=\"3594\" \/>\n<h3 style=\"text-align: justify;\" data-start=\"3596\" data-end=\"3644\">D\u00e9pannage plomberie en urgence \u00e0 Boulogne<\/h3>\n<p style=\"text-align: justify;\" data-start=\"3646\" data-end=\"3954\">Un probl\u00e8me de plomberie peut survenir \u00e0 tout moment, souvent sans pr\u00e9venir. Une fuite d\u2019eau importante, un WC bouch\u00e9 ou un chauffe-eau en panne exigent une intervention rapide pour \u00e9viter des d\u00e9g\u00e2ts mat\u00e9riels importants.<br data-start=\"3867\" data-end=\"3870\" \/>Le plombier \u00e0 Boulogne est form\u00e9 pour r\u00e9agir efficacement dans ce type de situation.<\/p>\n<p style=\"text-align: justify;\" data-start=\"3956\" data-end=\"4337\">Lors d\u2019un d\u00e9pannage, il commence toujours par <strong data-start=\"4002\" data-end=\"4034\">\u00e9tablir un diagnostic pr\u00e9cis<\/strong> : rep\u00e9rage de la fuite, contr\u00f4le des canalisations, test de pression, v\u00e9rification du r\u00e9seau d\u2019\u00e9vacuation, etc.<br data-start=\"4146\" data-end=\"4149\" \/>Une fois l\u2019origine du probl\u00e8me identifi\u00e9e, il proc\u00e8de \u00e0 la r\u00e9paration avec des outils adapt\u00e9s.<br data-start=\"4243\" data-end=\"4246\" \/>Son objectif est d\u2019assurer une intervention durable, en \u00e9vitant toute r\u00e9cidive du probl\u00e8me.<\/p>\n<p style=\"text-align: justify;\" data-start=\"4339\" data-end=\"4609\">Que ce soit pour une fuite au niveau d\u2019un joint, un robinet qui goutte, un tuyau fissur\u00e9 ou un ballon d\u2019eau chaude d\u00e9faillant, le professionnel agit avec rigueur et m\u00e9thode.<br data-start=\"4512\" data-end=\"4515\" \/>Son exp\u00e9rience lui permet de trouver rapidement la solution la plus appropri\u00e9e \u00e0 chaque panne.<\/p>\n<hr data-start=\"4611\" data-end=\"4614\" \/>\n<h3 style=\"text-align: justify;\" data-start=\"4616\" data-end=\"4685\">Chauffe-eau et ballon d\u2019eau chaude : installation et entretien<\/h3>\n<p style=\"text-align: justify;\" data-start=\"4687\" data-end=\"4980\">L\u2019eau chaude sanitaire est indispensable au quotidien. Lorsque votre ballon d\u2019eau chaude tombe en panne, cela devient rapidement inconfortable.<br data-start=\"4830\" data-end=\"4833\" \/>Le plombier de Boulogne est capable d\u2019intervenir sur tous les types d\u2019appareils : chauffe-eau \u00e9lectrique, thermodynamique, \u00e0 gaz ou \u00e0 accumulation.<\/p>\n<p style=\"text-align: justify;\" data-start=\"4982\" data-end=\"5417\">Son r\u00f4le ne se limite pas \u00e0 la pose : il assure \u00e9galement l\u2019entretien r\u00e9gulier pour prolonger la dur\u00e9e de vie de votre installation.<br data-start=\"5114\" data-end=\"5117\" \/>Le d\u00e9tartrage du ballon, le contr\u00f4le de la r\u00e9sistance ou le remplacement du groupe de s\u00e9curit\u00e9 font partie des op\u00e9rations classiques qu\u2019il r\u00e9alise.<br data-start=\"5264\" data-end=\"5267\" \/>Une maintenance pr\u00e9ventive permet d\u2019\u00e9viter les pannes soudaines et de garantir un fonctionnement optimal, tout en r\u00e9duisant la consommation d\u2019\u00e9nergie.<\/p>\n<p style=\"text-align: justify;\" data-start=\"5419\" data-end=\"5612\">En cas de panne, le professionnel identifie la cause du dysfonctionnement \u2014 r\u00e9sistance entartr\u00e9e, thermostat d\u00e9fectueux, fuite ou probl\u00e8me \u00e9lectrique \u2014 et propose la r\u00e9paration la plus adapt\u00e9e.<\/p>\n<hr data-start=\"5614\" data-end=\"5617\" \/>\n<h3 style=\"text-align: justify;\" data-start=\"5619\" data-end=\"5667\">D\u00e9bouchage et entretien des canalisations<\/h3>\n<p style=\"text-align: justify;\" data-start=\"5669\" data-end=\"5958\">Les canalisations bouch\u00e9es font partie des probl\u00e8mes de plomberie les plus fr\u00e9quents.<br data-start=\"5754\" data-end=\"5757\" \/>Accumulation de graisses, calcaire, cheveux ou r\u00e9sidus alimentaires : les causes sont nombreuses.<br data-start=\"5854\" data-end=\"5857\" \/>Un engorgement non trait\u00e9 peut provoquer des reflux, des mauvaises odeurs, voire des d\u00e9g\u00e2ts des eaux.<\/p>\n<p style=\"text-align: justify;\" data-start=\"5960\" data-end=\"6292\">Le plombier \u00e0 Boulogne dispose de tout le mat\u00e9riel n\u00e9cessaire pour effectuer un d\u00e9bouchage efficace : furet professionnel, pompe manuelle, hydrocureur haute pression ou cam\u00e9ra d\u2019inspection pour localiser pr\u00e9cis\u00e9ment le bouchon.<br data-start=\"6187\" data-end=\"6190\" \/>Il veille aussi \u00e0 ne pas endommager vos tuyaux, contrairement \u00e0 certains produits chimiques corrosifs.<\/p>\n<p style=\"text-align: justify;\" data-start=\"6294\" data-end=\"6482\">En compl\u00e9ment, il peut vous donner des conseils pour <strong data-start=\"6347\" data-end=\"6376\">pr\u00e9venir les obstructions<\/strong> : utilisation de filtres, nettoyage r\u00e9gulier des siphons, ou encore v\u00e9rification des pentes d\u2019\u00e9vacuation.<\/p>\n<\/div><\/section>\n\n","protected":false},"excerpt":{"rendered":"","protected":false},"author":1,"featured_media":0,"parent":0,"menu_order":0,"comment_status":"closed","ping_status":"closed","template":"","meta":{"footnotes":""},"class_list":["post-5131","page","type-page","status-publish","hentry"],"_links":{"self":[{"href":"https:\/\/plombier-boulogne.fr\/index.php?rest_route=\/wp\/v2\/pages\/5131","targetHints":{"allow":["GET"]}}],"collection":[{"href":"https:\/\/plombier-boulogne.fr\/index.php?rest_route=\/wp\/v2\/pages"}],"about":[{"href":"https:\/\/plombier-boulogne.fr\/index.php?rest_route=\/wp\/v2\/types\/page"}],"author":[{"embeddable":true,"href":"https:\/\/plombier-boulogne.fr\/index.php?rest_route=\/wp\/v2\/users\/1"}],"replies":[{"embeddable":true,"href":"https:\/\/plombier-boulogne.fr\/index.php?rest_route=%2Fwp%2Fv2%2Fcomments&post=5131"}],"version-history":[{"count":14,"href":"https:\/\/plombier-boulogne.fr\/index.php?rest_route=\/wp\/v2\/pages\/5131\/revisions"}],"predecessor-version":[{"id":6050,"href":"https:\/\/plombier-boulogne.fr\/index.php?rest_route=\/wp\/v2\/pages\/5131\/revisions\/6050"}],"wp:attachment":[{"href":"https:\/\/plombier-boulogne.fr\/index.php?rest_route=%2Fwp%2Fv2%2Fmedia&parent=5131"}],"curies":[{"name":"wp","href":"https:\/\/api.w.org\/{rel}","templated":true}]}}